{"id":1278,"date":"2024-04-16T09:24:56","date_gmt":"2024-04-16T07:24:56","guid":{"rendered":"https:\/\/www.sline.sk\/?page_id=1278"},"modified":"2024-04-16T09:24:56","modified_gmt":"2024-04-16T07:24:56","slug":"vseobecne-obchodne-podmienky","status":"publish","type":"page","link":"https:\/\/www.sline.sk\/en\/vseobecne-obchodne-podmienky\/","title":{"rendered":"General Terms and Conditions"},"content":{"rendered":"<h2 class=\"wp-block-heading\">Z\u00e1kladn\u00e9 pojmy<\/h2>\n\n\n\n<p>Prev\u00e1dzkovate\u013e&nbsp;\u2013 je pr\u00e1vnick\u00e1 osoba \u2013 spolo\u010dnos\u0165 <strong>S &#8211; LINE team s.r.o.<\/strong>, so s\u00eddlom <strong>N\u00e1m. Kossutha&nbsp;3087\/139<\/strong>, <strong>Kom\u00e1rno&nbsp;945 01<\/strong>, <strong>I\u010cO: <\/strong><strong>52 556 174<\/strong>, DI\u010c: 2121066189, I\u010c DPH: SK2121066189, zap\u00edsan\u00e1 v obchodnom registri Okresn\u00e9ho s\u00fadu Nitra, oddiel: Sro, vlo\u017eka <strong>48961\/N <\/strong>\u2013 uskuto\u010d\u0148uj\u00face stavieb a ich zmien, dokon\u010dovacie stavebn\u00e9 pr\u00e1ce pri realiz\u00e1cii exteri\u00e9rov a interi\u00e9rov, v\u00fdroba a opracovanie jednoduch\u00fdch v\u00fdrobkov z kovu \u2013 z oblast\u00ed s\u00favisiacich s uveden\u00fdmi \u010dinnos\u0165ami s predmetom podnikania Prev\u00e1dzkovate\u013ea.<\/p>\n\n\n\n<h2 class=\"wp-block-heading\">V\u0161eobecn\u00e9 obchodn\u00e9 podmienky pre predaj<\/h2>\n\n\n\n<p>Tieto obchodn\u00e9 podmienky sa pou\u017eij\u00fa ako pr\u00edloha k\u00fapnej zmluvy medzi pred\u00e1vaj\u00facim a kupuj\u00facim, ak si strany v k\u00fapnej zmluve v\u00fdslovne a p\u00edsomne nedohodli nie\u010do in\u00e9. Obchodn\u00e9 podmienky&nbsp; tvoria neoddelite\u013en\u00fa s\u00fa\u010das\u0165 ka\u017edej k\u00fapnej zmluvy na nov\u00fd predmet k\u00fapy. Kupuj\u00faci uzn\u00e1va tieto obchodn\u00e9 podmienky za z\u00e1v\u00e4zn\u00e9 pre v\u0161etky plnenia, ktor\u00e9 sa maj\u00fa uskuto\u010dni\u0165 na z\u00e1klade k\u00fapnej zmluvy, ktorej s\u00fa s\u00fa\u010das\u0165ou, pri\u010dom kupuj\u00faci sa vzd\u00e1va pou\u017eitia vlastn\u00fdch obchodn\u00fdch podmienok.<\/p>\n\n\n\n<h2 class=\"wp-block-heading\">I. Uzatvorenie zmluvy \/ prevod pr\u00e1v a povinnost\u00ed kupuj\u00faceho<\/h2>\n\n\n\n<p>K\u00fapna zmluva&nbsp; sa uzatv\u00e1ra na z\u00e1klade pred\u00e1vaj\u00facim potvrdenej objedn\u00e1vky vystavenej kupuj\u00facim alebo na z\u00e1klade jednozna\u010dne vysloven\u00e9ho s\u00fahlasu kupuj\u00faceho s ponukou pred\u00e1vaj\u00faceho. P\u00edsomn\u00e9 potvrdenie objedn\u00e1vky pred\u00e1vaj\u00facim je smerodajn\u00fd z\u00e1klad zmluvy.<\/p>\n\n\n\n<ol class=\"wp-block-list\">\n<li>Objedn\u00e1vka kupuj\u00faceho mus\u00ed obsahova\u0165 tieto n\u00e1le\u017eitosti:<br>a) <span style=\"color: var(--ast-global-color-3); background-color: var(--ast-global-color-5); font-size: 1rem;\">obchodn\u00e9 meno alebo n\u00e1zov kupuj\u00faceho, jeho s\u00eddlo alebo miesto podnikania, I\u010cO, pr\u00edpadne DI\u010c a I\u010c DPH (ak boli pridelen\u00e9) kupuj\u00faceho ako i \u00fadaj o z\u00e1pise kupuj\u00faceho v obchodnom registri alebo v inej evidencii,<\/span><br>b) <span style=\"color: var(--ast-global-color-3); background-color: var(--ast-global-color-5); font-size: 1rem;\">obchodn\u00e9 meno alebo n\u00e1zov pred\u00e1vaj\u00faceho, s\u00eddlo alebo miesto podnikania, I\u010cO pred\u00e1vaj\u00faceho,ozna\u010denie slovom \u201eObjedn\u00e1vka\u201d ,ozna\u010denie slu\u017eby\/predmetu k\u00fapy v s\u00falade s ponukou pred\u00e1vaj\u00faceho,mno\u017estvo alebo po\u010det kusov predmetu k\u00fapy v s\u00falade s ponukou pred\u00e1vaj\u00faceho,<\/span><\/li>\n\n\n\n<li>Na z\u00e1klade riadnej objedn\u00e1vky, ktor\u00e1 obsahuje vy\u0161\u0161ie uveden\u00e9 n\u00e1le\u017eitosti, priprav\u00ed pred\u00e1vaj\u00faci kupuj\u00facemu k\u00fapnu zmluvu na predmet k\u00fapy.<\/li>\n\n\n\n<li>V\u0161etky dohody, \u00fastne ved\u013eaj\u0161ie dojednania a zmeny k\u00fapnej zmluvy platia len vtedy, ak ich pred\u00e1vaj\u00faci p\u00edsomne potvrdil alebo boli vyhotoven\u00e9 v p\u00edsomnej forme.<\/li>\n\n\n\n<li>Na prevod pr\u00e1v a povinnost\u00ed kupuj\u00faceho vypl\u00fdvaj\u00facich z k\u00fapnej zmluvy sa vy\u017eaduje p\u00edsomn\u00fd s\u00fahlas pred\u00e1vaj\u00faceho.<\/li>\n\n\n\n<li>A\u017e do okamihu dodania predmetu k\u00fapy m\u00f4\u017ee kupuj\u00faci od zmluvy odst\u00fapi\u0165 zaplaten\u00edm odstupn\u00e9ho vo v\u00fd\u0161ke z\u00e1lohy pod\u013ea k\u00fapnej zmluvy, najmenej v\u0161ak 20 % z ceny predmetu k\u00fapy.<\/li>\n\n\n\n<li>d\u00e1tum a miesto vystavenia objedn\u00e1vky a podpis osoby opr\u00e1vnenej kona\u0165 v mene kupuj\u00faceho.<\/li>\n<\/ol>\n\n\n\n<h2 class=\"wp-block-heading\">II. Ceny a platobn\u00e9 podmienky<\/h2>\n\n\n\n<p>1. K\u00fapna cena predmetu(slu\u017eby) k\u00fapy sa rozumie bez z\u013eavy a \u010fal\u0161\u00edch zv\u00fdhodnen\u00ed platn\u00e1 v de\u0148 dodania (k\u00fapna cena) . Dohodnut\u00e9 ved\u013eaj\u0161ie slu\u017eby a plnenia (napr. n\u00e1klady na dopravu, balenie, n\u00e1klady na financovanie) pokia\u013e nie s\u00fa zahrnut\u00e9 v k\u00fapnej cene pod\u013ea podmienok k\u00fapnej zmluvy sa \u00fa\u010dtuj\u00fa osobitne. K\u00fapna cena a cena za ved\u013eaj\u0161ie slu\u017eby a plnenia sa plat\u00ed na z\u00e1klade da\u0148ov\u00e9ho dokladu (fakt\u00fary) vystavenej pred\u00e1vaj\u00facim, ktor\u00fd pred\u00e1vaj\u00faci vystav\u00ed v de\u0148 dodania predmetu k\u00fapy kupuj\u00facemu. K\u00fapna cena je splatn\u00e1 do 14 dn\u00ed odo d\u0148a doru\u010denia da\u0148ov\u00e9ho dokladu (fakt\u00fary) kupuj\u00facemu, pokia\u013e nie je uveden\u00e1 splatnos\u0165 dlh\u0161ia alebo p\u00edsomne dohodnut\u00e9 inak. K\u00fapnu cenu uhrad\u00ed kupuj\u00faci na \u00fa\u010det pred\u00e1vaj\u00faceho, ktor\u00fd je uveden\u00fd v da\u0148ovom doklade (fakt\u00fare). Platbu je potrebn\u00e9 identifikova\u0165 variabiln\u00fdm symbolom.<\/p>\n\n\n\n<ul class=\"wp-block-list\">\n<li>V ka\u017edom pr\u00edpade plat\u00ed v de\u0148 dodania platn\u00e1 cena pred\u00e1vaj\u00faceho.<\/li>\n\n\n\n<li>Pr\u00edpadn\u00e9 z\u00e1lohy poskytnut\u00e9 kupuj\u00facim sa ne\u00faro\u010dia.<\/li>\n\n\n\n<li>Ak sa kupuj\u00faci dostane do ome\u0161kania s platbou k\u00fapnej ceny, je pred\u00e1vaj\u00faci opr\u00e1vnen\u00fd po\u017eadova\u0165 zaplatenie zmluvnej pokuty vo v\u00fd\u0161ke 0.05% z dl\u017enej sumy za ka\u017ed\u00fd i za\u010dat\u00fd de\u0148 ome\u0161kania.<\/li>\n\n\n\n<li>Vo\u010di poh\u013ead\u00e1vkam pred\u00e1vaj\u00faceho m\u00f4\u017ee kupuj\u00faci zapo\u010d\u00edta\u0165 svoje poh\u013ead\u00e1vky len vtedy, ak protipoh\u013ead\u00e1vka kupuj\u00faceho je nesporn\u00e1, alebo vypl\u00fdva z exeku\u010dn\u00e9ho titulu.<\/li>\n<\/ul>\n\n\n\n<h2 class=\"wp-block-heading\">III. Dodanie a ome\u0161kanie dodania<\/h2>\n\n\n\n<ol class=\"wp-block-list\">\n<li>Dodacie term\u00edny a dodacie lehoty musia by\u0165 dohodnut\u00e9 p\u00edsomne. Dodacia lehota za\u010d\u00edna plyn\u00fa\u0165, ak nie je dohodnut\u00e9 inak, d\u00e1tumom p\u00edsomn\u00e9ho potvrdenia objedn\u00e1vky a po objasnen\u00ed v\u0161etk\u00fdch technick\u00fdch a obchodn\u00fdch podrobnost\u00ed zaplaten\u00ed pr\u00edpadn\u00fdch dohodnut\u00fdch z\u00e1loh. Ak kupuj\u00faci po\u017eaduje po\u010das dodacej lehoty zmeny vo vyhotoven\u00ed predmetu k\u00fapy alebo zmeny v rozsahu dod\u00e1vky alebo ak si v\u010das nespln\u00ed svoje zmluvn\u00e9 z\u00e1v\u00e4zky, preru\u0161uje sa t\u00fdm plynutie dodacej lehoty a pred\u00e1vaj\u00faci nezodpoved\u00e1 za pr\u00edpadn\u00e9 z toho vypl\u00fdvaj\u00face pred\u013a\u017eenie dodac\u00edch term\u00ednov. Pred\u00e1vaj\u00faci je opr\u00e1vnen\u00fd pon\u00faknu\u0165 \u010diasto\u010dn\u00e9 plnenie a kupuj\u00faci je povinn\u00fd \u010diasto\u010dn\u00e9 plnenie prevzia\u0165.<\/li>\n\n\n\n<li>Ak sa prekro\u010d\u00ed dodac\u00ed term\u00edn alebo dodacia lehota, dost\u00e1va sa pred\u00e1vaj\u00faci do ome\u0161kania u\u017e s prekro\u010den\u00edm dodacieho term\u00ednu alebo dodacej lehoty. V tomto pr\u00edpade je kupuj\u00faci opr\u00e1vnen\u00fd p\u00edsomne ur\u010di\u0165 pred\u00e1vaj\u00facemu dodato\u010dn\u00fa primeran\u00fa lehotu na dodanie predmetu k\u00fapy. V pr\u00edpade m\u00e1rneho uplynutia dodato\u010dnej primeranej lehoty na plnenie p\u00edsomne poskytnutej kupuj\u00facim pred\u00e1vaj\u00facemu, m\u00f4\u017ee kupuj\u00faci od k\u00fapnej zmluvy p\u00edsomne odst\u00fapi\u0165.<\/li>\n\n\n\n<li>O dobu trvania vy\u0161\u0161ej moci alebo prev\u00e1dzkov\u00fdch por\u00fach u pred\u00e1vaj\u00faceho alebo u jeho dod\u00e1vate\u013eov, ktor\u00e9 pred\u00e1vaj\u00facemu bez vlastn\u00e9ho zavinenia do\u010dasne br\u00e1nia v dodan\u00ed predmetu k\u00fapy v dohodnutom term\u00edne alebo v dohodnutej lehote, sa predl\u017euj\u00fa term\u00edny a lehoty dodania uveden\u00e9 v bode 1 tohto \u010dl\u00e1nku. Ak tieto prek\u00e1\u017eky v plnen\u00ed ved\u00fa k odkladu plnenia o viac ako \u0161es\u0165 mesiacov, m\u00f4\u017ee kupuj\u00faci od zmluvy odst\u00fapi\u0165. In\u00e9 d\u00f4vody na odst\u00fapenie od zmluvy t\u00fdmto nie s\u00fa dotknut\u00e9.<\/li>\n\n\n\n<li>Kupuj\u00faci m\u00e1 n\u00e1rok na n\u00e1hradu \u0161kody sp\u00f4sobenej ome\u0161kan\u00edm pred\u00e1vaj\u00faceho, len ak pred\u00e1vaj\u00faci sp\u00f4sob\u00ed ome\u0161kanie \u00famyselne alebo z hrubej nedbanlivosti. V\u00fd\u0161ka n\u00e1hrady \u0161kody sp\u00f4sobenej ome\u0161kan\u00edm pred\u00e1vaj\u00faceho je obmedzen\u00e1 na najviac 0,25 z k\u00fapnej ceny predmetu k\u00fapy za ka\u017ed\u00fd ukon\u010den\u00fd t\u00fd\u017ede\u0148 ome\u0161kania, pri\u010dom celkov\u00e1 n\u00e1hrada \u0161kody z titulu ome\u0161kania pred\u00e1vaj\u00faceho nesmie presiahnu\u0165 dohodnutej k\u00fapnej ceny predmetu k\u00fapy. Pred\u00e1vaj\u00faci nezodpoved\u00e1 kupuj\u00facemu za \u0161kodu v pr\u00edpade, ak by \u0161koda vznikla aj pri v\u010dasnom dodan\u00ed predmetu k\u00fapy.<\/li>\n\n\n\n<li>Zmeny v kon\u0161trukcii alebo forme, farebn\u00e9 odch\u00fdlky a zmeny rozsahu dod\u00e1vky zo strany v\u00fdrobcu zost\u00e1vaj\u00fa po\u010das dodacej doby vyhraden\u00e9, ak s\u00fa tieto zmeny alebo odch\u00fdlky so zoh\u013eadnen\u00edm z\u00e1ujmov pred\u00e1vaj\u00faceho \u00fanosn\u00e9 pre kupuj\u00faceho.<\/li>\n\n\n\n<li>\u00dadaje v opisoch rozsahu dod\u00e1vky, vzh\u013eadu, v\u00fdkonov, rozmerov a hmotnosti, prev\u00e1dzkov\u00fdch n\u00e1kladov in\u00fdch hodn\u00f4t oh\u013eadne predmetu k\u00fapy, platn\u00e9 v \u010dase uzavretia zmluvy, s\u00fa pova\u017eovan\u00e9 za pribli\u017en\u00e9. Sl\u00fa\u017eia ako krit\u00e9rium na stanovenie toho, \u010di predmet k\u00fapy nem\u00e1 \u017eiadne faktick\u00e9 nedostatky:<\/li>\n<\/ol>\n\n\n\n<h2 class=\"wp-block-heading\">IV. Prevzatie predmetu k\u00fapy a preprava<\/h2>\n\n\n\n<ol class=\"wp-block-list\">\n<li>Kupuj\u00faci je povinn\u00fd predmet k\u00fapy\/slu\u017ebu prevzia\u0165 na dohodnutom mieste prevzatia a v de\u0148 alebo v lehote dohodnutej v k\u00fapnej zmluve. Ak pred\u00e1vaj\u00faci umo\u017en\u00ed kupuj\u00facemu naklada\u0165 s predmetom k\u00fapy, av\u0161ak kupuj\u00faci predmet k\u00fapy v rozpore zmluvou neprevezme, vyzve ho pred\u00e1vaj\u00faci na prevzatie predmetu k\u00fapy p\u00edsomne.<\/li>\n\n\n\n<li>Pri prevzat\u00ed predmetu k\u00fapy je kupuj\u00faci povinn\u00fd si predmet k\u00fapy prehliadnu\u0165. Kupuj\u00faci sa ml\u010dky vzd\u00e1va pr\u00e1va kontroly, ak t\u00e1to kontrola nebude vykonan\u00e1 v uveden\u00fd de\u0148 alebo v uvedenej lehote, pri\u010dom sa m\u00e1 za to, \u017ee predmet k\u00fapy nem\u00e1 nedostatky.<\/li>\n\n\n\n<li>Ak m\u00e1 predmet k\u00fapy z\u00e1va\u017en\u00e9 nedostatky, je kupuj\u00faci opr\u00e1vnen\u00fd prevzatie odmietnu\u0165. Ak pred\u00e1vaj\u00faci vytknut\u00e9 nedostatky neodstr\u00e1ni v lehote, ktor\u00fa kupuj\u00faci s pred\u00e1vaj\u00facim p\u00edsomne dohodli, je kupuj\u00faci opr\u00e1vnen\u00fd od k\u00fapnej zmluvy odst\u00fapi\u0165 bez toho, aby mu vznikla povinnos\u0165 uhradi\u0165 pred\u00e1vaj\u00facemu \u0161kodu, ktor\u00e1 pred\u00e1vaj\u00facemu odst\u00fapen\u00edm od k\u00fapnej zmluvy vznikla.<\/li>\n\n\n\n<li>Nebezpe\u010denstvo \u0161kody na predmete k\u00fapy, pokia\u013e nie je v konkr\u00e9tnych pr\u00edpadoch zmluvne dohodnut\u00e9 inak, prech\u00e1dza na kupuj\u00faceho okamihom prevzatia predmetu k\u00fapy kupuj\u00facim, alebo ak tak neurob\u00ed v\u010das, okamihom, kedy mu pred\u00e1vaj\u00faci umo\u017en\u00ed naklada\u0165 s predmetom k\u00fapy a kupuj\u00faci poru\u0161\u00ed zmluvu t\u00fdm, \u017ee predmet k\u00fapy neprevezme.<\/li>\n\n\n\n<li>V pr\u00edpade, ak je pred\u00e1vaj\u00faci povinn\u00fd pod\u013ea zmluvy odovzda\u0165 predmet k\u00fapy ur\u010den\u00e9mu dopravcovi na prepravu kupuj\u00facemu, prech\u00e1dza nebezpe\u010denstvo \u0161kody na predmete k\u00fapy na kupuj\u00faceho odovzdan\u00edm predmetu k\u00fapy tomuto dopravcovi .<\/li>\n\n\n\n<li>Ak sa kupuj\u00faci dostane do ome\u0161kania s prevzat\u00edm predmetu k\u00fapy, je pred\u00e1vaj\u00faci po uplynut\u00ed p\u00edsomne stanovenej 14 -d\u0148ovej dodato\u010dnej lehoty opr\u00e1vnen\u00fd odst\u00fapi od k\u00fapnej zmluvy a \u00fa\u010dtova\u0165 si n\u00e1hradu \u0161kody vo v\u00fd\u0161ke 15%\u00a0 z k\u00fapnej ceny predmetu k\u00fapy. T\u00e1to suma n\u00e1hrady \u0161kody sa m\u00f4\u017ee zv\u00fd\u0161i\u0165, ak pred\u00e1vaj\u00faci preuk\u00e1\u017ee vznik vy\u0161\u0161ej \u0161kody.<\/li>\n<\/ol>\n\n\n\n<h2 class=\"wp-block-heading\">V . Spolo\u010dn\u00e9 a z\u00e1vere\u010dn\u00e9 ustanovenia<\/h2>\n\n\n\n<ol class=\"wp-block-list\">\n<li>Ak by bolo niektor\u00e9 ustanovenie t\u00fdchto obchodn\u00fdch podmienok ne\u00fa\u010dinn\u00e9, zost\u00e1va t\u00fdm \u00fa\u010dinnos\u0165 ostatn\u00fdch ustanoven\u00ed nedotknut\u00e1.<\/li>\n\n\n\n<li>Pred\u00e1vaj\u00faci nezodpoved\u00e1 kupuj\u00facemu za \u017eiadne n\u00e1hodn\u00e9 ani n\u00e1sledn\u00e9 straty ani u\u0161l\u00fd zisk, ktor\u00e9 m\u00f4\u017eu vyplyn\u00fa\u0165 z ak\u00fdchko\u013evek\u00a0 okolnost\u00ed.<\/li>\n\n\n\n<li>V pr\u00edpade, \u017de kupuj\u00faci nebude ma\u0165 vo vz\u0165ahu k pred\u00e1vaj\u00facemu vysporiadan\u00e9 v\u0161etky finan\u010dn\u00e9 z\u00e1v\u00e4zky (z\u00e1v\u00e4zky z predch\u00e1dzaj\u00facich k\u00fapnych alebo n\u00e1jomn\u00fdch zml\u00fav, zmluvn\u00e9 pokuty, \u00faroky z ome\u0161kania a pod.) je pred\u00e1vaj\u00faci opr\u00e1vnen\u00fd od k\u00fapnej zmluvy odst\u00fapi\u0165. Kupuj\u00faci nie je v tomto pr\u00edpade opr\u00e1vnen\u00fd dom\u00e1ha\u0165 sa n\u00e1hrady \u0161kody.<\/li>\n\n\n\n<li>Ak\u00e9ko\u013evek \u00fadaje obsiahnut\u00e9 v k\u00fapnej zmluve s\u00fa predmetom obchodn\u00e9ho tajomstva a nesm\u00fa by\u0165 spr\u00edstupnen\u00e9 tretej osobe.<\/li>\n\n\n\n<li>V\u0161etky pr\u00e1vne vz\u0165ahy medzi pred\u00e1vaj\u00facim a kupuj\u00facim vypl\u00fdvaj\u00face z k\u00fapnej zmluvy a t\u00fdchto obchodn\u00fdch podmienok, v k\u00fapnej zmluve a t\u00fdchto obchodn\u00fdch podmienkach neupraven\u00e9, sa spravuj\u00fa pr\u00edslu\u0161n\u00fdmi ustanoveniami Obchodn\u00e9ho z\u00e1konn\u00edka \u010d. 513\/1991 Zb. v znen\u00ed platnom v Slovenskej republike.<\/li>\n\n\n\n<li>N\u00e1rok zo zodpovednosti za vady predmetu k\u00fapy mus\u00ed by\u0165 uplatnen\u00fd p\u00edsomne a to bez zbyto\u010dn\u00e9ho odkladu, kedy kupuj\u00faci vadu zistil alebo pri n\u00e1le\u017eitej starostlivosti mohol zisti\u0165, najneskor\u0161ie v\u0161ak do uplynutia z\u00e1ru\u010dnej doby. Kupuj\u00faci je povinn\u00fd pri uplatnen\u00ed vady predlo\u017ei\u0165 odovzda\u0165 pred\u00e1vaj\u00facemu v\u0161etky s predmetom k\u00fapy poskytnut\u00e9 plnenia (D\u00f4kaz o \u00fadr\u017ebe a pod.). Popis prejavov vady, ktor\u00e1 je uplat\u0148ovan\u00e1, mus\u00ed by\u0165 zaznamenan\u00fd p\u00edsomne .<\/li>\n\n\n\n<li>N\u00e1roky na odstr\u00e1nenie faktick\u00fdch v\u00e1d si m\u00f4\u017ee kupuj\u00faci uplatni\u0165 u pred\u00e1vaj\u00faceho alebo u in\u00fdch subjektov, ktor\u00e9 v\u00fdrobca alebo pred\u00e1vaj\u00faci uznal na servis predmetu k\u00fapy; v pr\u00edpade uplat\u0148ovania si n\u00e1roku u tak\u00fdchto subjektov mus\u00ed kupuj\u00faci t\u00fato skuto\u010dnos\u0165 ihne\u010f ozn\u00e1mi\u0165 pred\u00e1vaj\u00facemu.<\/li>\n\n\n\n<li>Ak sa predmet k\u00fapy stane neschopn\u00fdm prev\u00e1dzky z d\u00f4vodu faktickej vady, mus\u00ed sa kupuj\u00faci obr\u00e1ti\u0165 na servis predmetu k\u00fapy, ktor\u00fd je najbli\u017e\u0161ie k miestu predmetu k\u00fapy neschopn\u00e9ho prev\u00e1dzky. T\u00e1to servisn\u00e1 diel\u0148a rozhodne, \u010di vada bude odstr\u00e1nen\u00e1 na mieste alebo v inej servisnej dielni.<\/li>\n\n\n\n<li>N\u00e1klady na odtiahnutie predmetu k\u00fapy do servisnej dielne hrad\u00ed kupuj\u00faci.<\/li>\n\n\n\n<li>Pred\u00e1vaj\u00facemu zost\u00e1va vyhraden\u00e9 pr\u00e1vo odk\u00e1za\u0165 kupuj\u00faceho, resp. opr\u00e1vnen\u00e9ho na in\u00fa vhodn\u00fa odborn\u00fa osobu. Kupuj\u00faci je povinn\u00fd vyvarova\u0165 sa ak\u00fdchko\u013evek z\u00e1sahov \u010d\u00ed in\u00e9ho ovplyv\u0148ovania po\u010d\u00edtadla prev\u00e1dzkov\u00fdch hod\u00edn.<\/li>\n<\/ol>\n\n\n\n<h2 class=\"wp-block-heading\">VI. Be\u017en\u00e9 opotrebenie a \u00fadr\u017eba<\/h2>\n\n\n\n<ol class=\"wp-block-list\">\n<li>Be\u017en\u00e9 opotrebenie a \u00fadr\u017eba pracovnej plo\u0161iny prebiehaj\u00fa v r\u00f4znych \u010dasov\u00fdch intervaloch a s\u00fa z\u00e1visl\u00e9 od po\u010dtu prev\u00e1dzkov\u00fdch hod\u00edn, geologick\u00fdch\u00a0 klimatick\u00fdch podmienkach, stavu ter\u00e9nu a sp\u00f4sobu pou\u017e\u00edvania at\u010f.<\/li>\n\n\n\n<li>Tieto podmienky ovplyv\u0148uj\u00fa do zna\u010dnej miery \u017eivotnos\u0165 pr\u00edslu\u0161n\u00fdch s\u00fa\u010dast\u00ed pracovnej plo\u0161iny.<\/li>\n\n\n\n<li>\u00dadr\u017ebou sa rozumie *pl\u00e1novan\u00e1 \u00fadr\u017eba\u201d a \u201cnepl\u00e1novan\u00e1 \u00fadr\u017eba\u201d<\/li>\n\n\n\n<li>Pl\u00e1novan\u00e1 \u00fadr\u017eba (servis\/prehliadky) sa vykon\u00e1vaj\u00fa na b\u00e1ze plynutia \u010dasu a po\u010dtu prev\u00e1dzkov\u00fdch hod\u00edn a zahr\u0148uje v\u00fdmenu materi\u00e1lov, u ktor\u00fdch je mo\u017en\u00e9 potrebu v\u00fdmeny vopred ur\u010di\u0165, napr. oleje a filtre.<\/li>\n\n\n\n<li>Nepl\u00e1novan\u00e1 \u00fadr\u017eba zahrnuje v\u00fdmenu materi\u00e1lov, ktor\u00e9 vykazuj\u00fa rovnak\u00fd stupe\u0148 opotrebenia v z\u00e1vislosti na pou\u017e\u00edvan\u00ed, resp. \u00fa\u010delu pou\u017e\u00edvania pracovnej plo\u0161iny. V r\u00e1mci pravideln\u00e9ho servisu sa pre tak\u00e9 materi\u00e1ly pl\u00e1nuj\u00fa prehliadky, ale nie v\u00fdmeny.<\/li>\n\n\n\n<li>Ak popri prehliadke nie je zisten\u00e1 \u017eiadna vada, ale je potrebn\u00e1 v\u00fdmena kv\u00f4li opotrebeniu, pova\u017euje sa pr\u00edslu\u0161n\u00e1 oprava za nepl\u00e1novan\u00fa \u00fadr\u017ebu. V tomto pr\u00edpade, ale nevznik\u00e1 n\u00e1rok na plnenie zo z\u00e1ruky\/ roz\u0161\u00edrenej z\u00e1ruky.<\/li>\n\n\n\n<li>Pre zaistenie prev\u00e1dzkovej spo\u013eahlivosti a prev\u00e1dzkyschopnosti je kupuj\u00faci povinn\u00fd zabezpe\u010di\u0165, aby ak\u00e1ko\u013evek \u00fadr\u017eba a kontroly boli vykon\u00e1van\u00e9 pod\u013ea platn\u00fdch predpisov v\u00fdrobcu a pod\u013ea pl\u00e1nu \u00fadr\u017eby, uveden\u00fd v n\u00e1vode na \u00fadr\u017ebu.<\/li>\n<\/ol>\n\n\n\n<h2 class=\"wp-block-heading\">VII. Spolo\u010dn\u00e9 a z\u00e1vere\u010dn\u00e9 ustanovenia<\/h2>\n\n\n\n<ol class=\"wp-block-list\">\n<li>Ak by bolo niektor\u00e9 ustanovenie t\u00fdchto z\u00e1ru\u010dn\u00fdch podmienok ne\u00fa\u010dinn\u00e9, zost\u00e1va t\u00fdm \u00fa\u010dinnos\u0165 ostatn\u00fdch ustanoven\u00ed nedotknut\u00e1.<\/li>\n\n\n\n<li>V\u0161etky pr\u00e1vne vz\u0165ahy medzi pred\u00e1vaj\u00facim a kupuj\u00facim vypl\u00fdvaj\u00face z k\u00fapnej zmluvy a t\u00fdchto z\u00e1ru\u010dn\u00fdch podmienok, v k\u00fapnej zmluve a v t\u00fdchto z\u00e1ru\u010dn\u00fdch podmienkach neupraven\u00e9, sa spravuj\u00fa pr\u00edslu\u0161n\u00fdmi ustanoveniami Obchodn\u00e9ho z\u00e1konn\u00edka \u010d. 513\/1991 Zb. v znen\u00ed platnom v Slovenskej republike .<\/li>\n<\/ol>","protected":false},"excerpt":{"rendered":"<p>Z\u00e1kladn\u00e9 pojmy Prev\u00e1dzkovate\u013e&nbsp;\u2013 je pr\u00e1vnick\u00e1 osoba \u2013 spolo\u010dnos\u0165 S &#8211; LINE team s.r.o., so s\u00eddlom N\u00e1m. Kossutha&nbsp;3087\/139, Kom\u00e1rno&nbsp;945 01, I\u010cO: 52 556 174, DI\u010c: 2121066189, I\u010c DPH: SK2121066189, zap\u00edsan\u00e1 v obchodnom registri Okresn\u00e9ho s\u00fadu Nitra, oddiel: Sro, vlo\u017eka 48961\/N \u2013 uskuto\u010d\u0148uj\u00face stavieb a ich zmien, dokon\u010dovacie stavebn\u00e9 pr\u00e1ce pri realiz\u00e1cii exteri\u00e9rov a interi\u00e9rov, v\u00fdroba a [&hellip;]<\/p>","protected":false},"author":1,"featured_media":0,"parent":0,"menu_order":0,"comment_status":"closed","ping_status":"closed","template":"","meta":{"site-sidebar-layout":"default","site-content-layout":"","ast-site-content-layout":"default","site-content-style":"default","site-sidebar-style":"default","ast-global-header-display":"","ast-banner-title-visibility":"","ast-main-header-display":"","ast-hfb-above-header-display":"","ast-hfb-below-header-display":"","ast-hfb-mobile-header-display":"","site-post-title":"","ast-breadcrumbs-content":"","ast-featured-img":"","footer-sml-layout":"","theme-transparent-header-meta":"","adv-header-id-meta":"","stick-header-meta":"","header-above-stick-meta":"","header-main-stick-meta":"","header-below-stick-meta":"","astra-migrate-meta-layouts":"set","ast-page-background-enabled":"default","ast-page-background-meta":{"desktop":{"background-color":"","background-image":"","background-repeat":"repeat","background-position":"center center","background-size":"auto","background-attachment":"scroll","background-type":"","background-media":"","overlay-type":"","overlay-color":"","overlay-gradient":""},"tablet":{"background-color":"","background-image":"","background-repeat":"repeat","background-position":"center center","background-size":"auto","background-attachment":"scroll","background-type":"","background-media":"","overlay-type":"","overlay-color":"","overlay-gradient":""},"mobile":{"background-color":"","background-image":"","background-repeat":"repeat","background-position":"center center","background-size":"auto","background-attachment":"scroll","background-type":"","background-media":"","overlay-type":"","overlay-color":"","overlay-gradient":""}},"ast-content-background-meta":{"desktop":{"background-color":"var(--ast-global-color-5)","background-image":"","background-repeat":"repeat","background-position":"center center","background-size":"auto","background-attachment":"scroll","background-type":"","background-media":"","overlay-type":"","overlay-color":"","overlay-gradient":""},"tablet":{"background-color":"var(--ast-global-color-5)","background-image":"","background-repeat":"repeat","background-position":"center center","background-size":"auto","background-attachment":"scroll","background-type":"","background-media":"","overlay-type":"","overlay-color":"","overlay-gradient":""},"mobile":{"background-color":"var(--ast-global-color-5)","background-image":"","background-repeat":"repeat","background-position":"center center","background-size":"auto","background-attachment":"scroll","background-type":"","background-media":"","overlay-type":"","overlay-color":"","overlay-gradient":""}},"footnotes":""},"class_list":["post-1278","page","type-page","status-publish","hentry"],"_links":{"self":[{"href":"https:\/\/www.sline.sk\/en\/wp-json\/wp\/v2\/pages\/1278","targetHints":{"allow":["GET"]}}],"collection":[{"href":"https:\/\/www.sline.sk\/en\/wp-json\/wp\/v2\/pages"}],"about":[{"href":"https:\/\/www.sline.sk\/en\/wp-json\/wp\/v2\/types\/page"}],"author":[{"embeddable":true,"href":"https:\/\/www.sline.sk\/en\/wp-json\/wp\/v2\/users\/1"}],"replies":[{"embeddable":true,"href":"https:\/\/www.sline.sk\/en\/wp-json\/wp\/v2\/comments?post=1278"}],"version-history":[{"count":1,"href":"https:\/\/www.sline.sk\/en\/wp-json\/wp\/v2\/pages\/1278\/revisions"}],"predecessor-version":[{"id":1279,"href":"https:\/\/www.sline.sk\/en\/wp-json\/wp\/v2\/pages\/1278\/revisions\/1279"}],"wp:attachment":[{"href":"https:\/\/www.sline.sk\/en\/wp-json\/wp\/v2\/media?parent=1278"}],"curies":[{"name":"wp","href":"https:\/\/api.w.org\/{rel}","templated":true}]}}